{"id":319,"date":"2024-11-08T18:46:46","date_gmt":"2024-11-08T18:46:46","guid":{"rendered":"https:\/\/vitutec.de\/?page_id=319"},"modified":"2024-11-08T18:53:51","modified_gmt":"2024-11-08T18:53:51","slug":"impressum","status":"publish","type":"page","link":"https:\/\/vitutec.de\/?page_id=319","title":{"rendered":"Impressum"},"content":{"rendered":"\t\t<div data-elementor-type=\"wp-page\" data-elementor-id=\"319\" class=\"elementor elementor-319\" data-elementor-post-type=\"page\">\n\t\t\t\t<div class=\"elementor-element elementor-element-549ee7ad e-flex e-con-boxed e-con e-parent\" data-id=\"549ee7ad\" data-element_type=\"container\" data-e-type=\"container\">\n\t\t\t\t\t<div class=\"e-con-inner\">\n\t\t<div class=\"elementor-element elementor-element-49ddd450 e-con-full e-flex e-con e-child\" data-id=\"49ddd450\" data-element_type=\"container\" data-e-type=\"container\">\n\t\t\t\t<div class=\"elementor-element elementor-element-3dc2c581 elementor-widget__width-initial elementor-widget elementor-widget-heading\" data-id=\"3dc2c581\" data-element_type=\"widget\" data-e-type=\"widget\" data-widget_type=\"heading.default\">\n\t\t\t\t<div class=\"elementor-widget-container\">\n\t\t\t\t\t<h2 class=\"elementor-heading-title elementor-size-default\">Impressum<\/h2>\t\t\t\t<\/div>\n\t\t\t\t<\/div>\n\t\t\t\t<div class=\"elementor-element elementor-element-35450854 elementor-widget elementor-widget-text-editor\" data-id=\"35450854\" data-element_type=\"widget\" data-e-type=\"widget\" data-widget_type=\"text-editor.default\">\n\t\t\t\t<div class=\"elementor-widget-container\">\n\t\t\t\t\t\t\t\t\t<p>Vitutec Immobilienservice GmbH<br>\nGro\u00df-Berliner Damm 151<br>\n12489 Berlin<\/p>\n<p>Tel: 030-91700095<br>\nmail@vitutec-immo.de<\/p>\n<p>Gesch\u00e4ftsf\u00fchrende Gesellschafterin: Viola Tudorica<br>\nAmtsgericht Berlin &#8211; Charlottenburg HRB 97705 B<\/p>\n<p>USt-ID: DE-185075249<\/p>\n<p>Aufsichtsbeh\u00f6rde: Wirtschafts- und Ordnungsamt Bezirksamt Treptow-K\u00f6penick, PF 910240, 12414 Berlin<\/p>\n<p>Immobilienmaklert\u00e4tigkeit \u2013 erlaubnispflichtige T\u00e4tigkeit nach \u00a7 34c Abs. 1 der Gewerbeordnung<\/p>\n<p>Wohnimmobilienverwalter &#8211; erlaubnispflichtige T\u00e4tigkeit nach \u00a7 34c Abs. 1 der Gewerbeordnung<\/p>\n<p>Berufshaftpflichtversicherung: ERGO Versicherung AG, Victoriaplatz 1, 40477 D\u00fcsseldorf<\/p>\n<p>Verbraucherinformationen:<br>\nOnline-Streitbeilegung gem\u00e4\u00df Art. 14 Abs. 1 ODR-VO: Die Europ\u00e4ische Kommission stellt eine Plattform zur Online-Streitbeilegung (OS) bereit, die Sie hier finden: <a href=\"http:\/\/ec.europa.eu\/consumers\/odr\">http:\/\/ec.europa.eu\/consumers\/odr<\/a><\/p>\t\t\t\t\t\t\t\t<\/div>\n\t\t\t\t<\/div>\n\t\t\t\t<\/div>\n\t\t\t\t\t<\/div>\n\t\t\t\t<\/div>\n\t\t\t\t<\/div>\n\t\t","protected":false},"excerpt":{"rendered":"<p>Impressum Vitutec Immobilienservice GmbH Gro\u00df-Berliner Damm 151 12489 Berlin Tel: 030-91700095 mail@vitutec-immo.de Gesch\u00e4ftsf\u00fchrende Gesellschafterin: Viola Tudorica Amtsgericht Berlin &#8211; Charlottenburg HRB 97705 B USt-ID: DE-185075249 Aufsichtsbeh\u00f6rde: Wirtschafts- und Ordnungsamt Bezirksamt Treptow-K\u00f6penick, PF 910240, 12414 Berlin Immobilienmaklert\u00e4tigkeit \u2013 erlaubnispflichtige T\u00e4tigkeit nach \u00a7 34c Abs. 1 der Gewerbeordnung Wohnimmobilienverwalter &#8211; erlaubnispflichtige T\u00e4tigkeit nach \u00a7 34c Abs. 1 [&hellip;]<\/p>\n","protected":false},"author":1,"featured_media":0,"parent":0,"menu_order":0,"comment_status":"closed","ping_status":"closed","template":"elementor_header_footer","meta":{"footnotes":""},"class_list":["post-319","page","type-page","status-publish","hentry"],"_links":{"self":[{"href":"https:\/\/vitutec.de\/index.php?rest_route=\/wp\/v2\/pages\/319","targetHints":{"allow":["GET"]}}],"collection":[{"href":"https:\/\/vitutec.de\/index.php?rest_route=\/wp\/v2\/pages"}],"about":[{"href":"https:\/\/vitutec.de\/index.php?rest_route=\/wp\/v2\/types\/page"}],"author":[{"embeddable":true,"href":"https:\/\/vitutec.de\/index.php?rest_route=\/wp\/v2\/users\/1"}],"replies":[{"embeddable":true,"href":"https:\/\/vitutec.de\/index.php?rest_route=%2Fwp%2Fv2%2Fcomments&post=319"}],"version-history":[{"count":16,"href":"https:\/\/vitutec.de\/index.php?rest_route=\/wp\/v2\/pages\/319\/revisions"}],"predecessor-version":[{"id":335,"href":"https:\/\/vitutec.de\/index.php?rest_route=\/wp\/v2\/pages\/319\/revisions\/335"}],"wp:attachment":[{"href":"https:\/\/vitutec.de\/index.php?rest_route=%2Fwp%2Fv2%2Fmedia&parent=319"}],"curies":[{"name":"wp","href":"https:\/\/api.w.org\/{rel}","templated":true}]}}